{"id":89,"date":"2022-01-19T16:09:06","date_gmt":"2022-01-19T15:09:06","guid":{"rendered":"https:\/\/www.helenschulz.de\/?page_id=89"},"modified":"2022-07-05T09:25:03","modified_gmt":"2022-07-05T07:25:03","slug":"ueber-mich","status":"publish","type":"page","link":"https:\/\/www.helenschulz.de\/?page_id=89","title":{"rendered":"\u00dcber mich"},"content":{"rendered":"\t\t<div data-elementor-type=\"wp-page\" data-elementor-id=\"89\" class=\"elementor elementor-89\">\n\t\t\t\t\t\t<section class=\"elementor-section elementor-top-section elementor-element elementor-element-5e3f55e9 elementor-section-height-min-height elementor-section-content-middle elementor-section-boxed elementor-section-height-default elementor-section-items-middle wpr-particle-no wpr-jarallax-no wpr-parallax-no wpr-sticky-section-no wpr-equal-height-no\" data-id=\"5e3f55e9\" data-element_type=\"section\" data-e-type=\"section\">\n\t\t\t\t\t\t<div class=\"elementor-container elementor-column-gap-default\">\n\t\t\t\t\t<div class=\"elementor-column elementor-col-50 elementor-top-column elementor-element elementor-element-21106881\" data-id=\"21106881\" data-element_type=\"column\" data-e-type=\"column\">\n\t\t\t<div class=\"elementor-widget-wrap elementor-element-populated\">\n\t\t\t\t\t\t<div class=\"elementor-element elementor-element-64e87b67 elementor-widget elementor-widget-image\" data-id=\"64e87b67\" data-element_type=\"widget\" data-e-type=\"widget\" data-widget_type=\"image.default\">\n\t\t\t\t<div class=\"elementor-widget-container\">\n\t\t\t\t\t\t\t\t\t\t\t\t\t\t\t\t<a href=\"https:\/\/www.helenschulz.de\/?page_id=27\">\n\t\t\t\t\t\t\t<img fetchpriority=\"high\" decoding=\"async\" width=\"973\" height=\"823\" src=\"https:\/\/www.helenschulz.de\/wp-content\/uploads\/2022\/04\/Supervisionslogo.svg\" class=\"attachment-full size-full wp-image-638\" alt=\"\" \/>\t\t\t\t\t\t\t\t<\/a>\n\t\t\t\t\t\t\t\t\t\t\t\t\t\t\t<\/div>\n\t\t\t\t<\/div>\n\t\t\t\t\t<\/div>\n\t\t<\/div>\n\t\t\t\t<div class=\"elementor-column elementor-col-50 elementor-top-column elementor-element elementor-element-53c7a72e\" data-id=\"53c7a72e\" data-element_type=\"column\" data-e-type=\"column\">\n\t\t\t<div class=\"elementor-widget-wrap elementor-element-populated\">\n\t\t\t\t\t\t<div class=\"elementor-element elementor-element-1d99d4aa wpr-main-menu-align--mobileright wpr-main-menu-align-right wpr-pointer-none wpr-nav-menu-bp-tablet wpr-main-menu-align--tabletleft wpr-sub-icon-caret-down wpr-sub-menu-fx-fade wpr-mobile-menu-full-width wpr-mobile-menu-item-align-center wpr-mobile-toggle-v1 wpr-sub-divider-yes elementor-widget elementor-widget-wpr-nav-menu\" data-id=\"1d99d4aa\" data-element_type=\"widget\" data-e-type=\"widget\" data-settings=\"{&quot;menu_layout&quot;:&quot;horizontal&quot;}\" data-widget_type=\"wpr-nav-menu.default\">\n\t\t\t\t<div class=\"elementor-widget-container\">\n\t\t\t\t\t<nav class=\"wpr-nav-menu-container wpr-nav-menu-horizontal\" data-trigger=\"hover\" data-consider-header=\"\" data-scroll-speed=\"500\"><ul id=\"menu-1-1d99d4aa\" class=\"wpr-nav-menu\"><li class=\"menu-item menu-item-type-post_type menu-item-object-page menu-item-home menu-item-692\"><a href=\"https:\/\/www.helenschulz.de\/\" class=\"wpr-menu-item wpr-pointer-item\">Startseite<\/a><\/li>\n<li class=\"menu-item menu-item-type-post_type menu-item-object-page menu-item-599\"><a href=\"https:\/\/www.helenschulz.de\/?page_id=57\" class=\"wpr-menu-item wpr-pointer-item\">Supervision \/ Coaching<\/a><\/li>\n<li class=\"menu-item menu-item-type-post_type menu-item-object-page menu-item-598\"><a href=\"https:\/\/www.helenschulz.de\/?page_id=89\" class=\"wpr-menu-item wpr-pointer-item\">\u00dcber mich<\/a><\/li>\n<li class=\"menu-item menu-item-type-post_type menu-item-object-page menu-item-597\"><a href=\"https:\/\/www.helenschulz.de\/?page_id=95\" class=\"wpr-menu-item wpr-pointer-item\">Kontakt<\/a><\/li>\n<\/ul><\/nav><nav class=\"wpr-mobile-nav-menu-container\"><div class=\"wpr-mobile-toggle-wrap\"><div class=\"wpr-mobile-toggle\"><span class=\"wpr-mobile-toggle-line\"><\/span><span class=\"wpr-mobile-toggle-line\"><\/span><span class=\"wpr-mobile-toggle-line\"><\/span><\/div><\/div><ul id=\"mobile-menu-2-1d99d4aa\" class=\"wpr-mobile-nav-menu\"><li class=\"menu-item menu-item-type-post_type menu-item-object-page menu-item-home menu-item-692\"><a href=\"https:\/\/www.helenschulz.de\/\" class=\"wpr-mobile-menu-item\">Startseite<\/a><\/li>\n<li class=\"menu-item menu-item-type-post_type menu-item-object-page menu-item-599\"><a href=\"https:\/\/www.helenschulz.de\/?page_id=57\" class=\"wpr-mobile-menu-item\">Supervision \/ Coaching<\/a><\/li>\n<li class=\"menu-item menu-item-type-post_type menu-item-object-page menu-item-598\"><a href=\"https:\/\/www.helenschulz.de\/?page_id=89\" class=\"wpr-mobile-menu-item\">\u00dcber mich<\/a><\/li>\n<li class=\"menu-item menu-item-type-post_type menu-item-object-page menu-item-597\"><a href=\"https:\/\/www.helenschulz.de\/?page_id=95\" class=\"wpr-mobile-menu-item\">Kontakt<\/a><\/li>\n<\/ul><\/nav>\t\t\t\t<\/div>\n\t\t\t\t<\/div>\n\t\t\t\t\t<\/div>\n\t\t<\/div>\n\t\t\t\t\t<\/div>\n\t\t<\/section>\n\t\t\t\t<section class=\"elementor-section elementor-top-section elementor-element elementor-element-3bc8a06 elementor-section-boxed elementor-section-height-default elementor-section-height-default wpr-particle-no wpr-jarallax-no wpr-parallax-no wpr-sticky-section-no wpr-equal-height-no\" data-id=\"3bc8a06\" data-element_type=\"section\" data-e-type=\"section\">\n\t\t\t\t\t\t<div class=\"elementor-container elementor-column-gap-default\">\n\t\t\t\t\t<div class=\"elementor-column elementor-col-100 elementor-top-column elementor-element elementor-element-3a477d61\" data-id=\"3a477d61\" data-element_type=\"column\" data-e-type=\"column\">\n\t\t\t<div class=\"elementor-widget-wrap elementor-element-populated\">\n\t\t\t\t\t\t<div class=\"elementor-element elementor-element-19ae907e elementor-widget-divider--view-line elementor-widget elementor-widget-divider\" data-id=\"19ae907e\" data-element_type=\"widget\" data-e-type=\"widget\" data-widget_type=\"divider.default\">\n\t\t\t\t<div class=\"elementor-widget-container\">\n\t\t\t\t\t\t\t<div class=\"elementor-divider\">\n\t\t\t<span class=\"elementor-divider-separator\">\n\t\t\t\t\t\t<\/span>\n\t\t<\/div>\n\t\t\t\t\t\t<\/div>\n\t\t\t\t<\/div>\n\t\t\t\t\t<\/div>\n\t\t<\/div>\n\t\t\t\t\t<\/div>\n\t\t<\/section>\n\t\t\t\t<section class=\"elementor-section elementor-top-section elementor-element elementor-element-de2fa87 elementor-section-content-middle elementor-reverse-mobile elementor-section-boxed elementor-section-height-default elementor-section-height-default wpr-particle-no wpr-jarallax-no wpr-parallax-no wpr-sticky-section-no wpr-equal-height-no\" data-id=\"de2fa87\" data-element_type=\"section\" data-e-type=\"section\">\n\t\t\t\t\t\t<div class=\"elementor-container elementor-column-gap-default\">\n\t\t\t\t\t<div class=\"elementor-column elementor-col-50 elementor-top-column elementor-element elementor-element-e2d7d35\" data-id=\"e2d7d35\" data-element_type=\"column\" data-e-type=\"column\">\n\t\t\t<div class=\"elementor-widget-wrap elementor-element-populated\">\n\t\t\t\t\t\t<div class=\"elementor-element elementor-element-66ce3f4 elementor-hidden-mobile elementor-widget elementor-widget-heading\" data-id=\"66ce3f4\" data-element_type=\"widget\" data-e-type=\"widget\" data-widget_type=\"heading.default\">\n\t\t\t\t<div class=\"elementor-widget-container\">\n\t\t\t\t\t<h1 class=\"elementor-heading-title elementor-size-default\">Weshalb ich Supervisorin geworden bin:<\/h1>\t\t\t\t<\/div>\n\t\t\t\t<\/div>\n\t\t\t\t<div class=\"elementor-element elementor-element-6bd5314 elementor-widget elementor-widget-text-editor\" data-id=\"6bd5314\" data-element_type=\"widget\" data-e-type=\"widget\" data-widget_type=\"text-editor.default\">\n\t\t\t\t<div class=\"elementor-widget-container\">\n\t\t\t\t\t\t\t\t\t<p>lch bin Supervisorin aus Leidenschaft. Meine Vision ist es, Menschen mit meinem Angebot zu unterst\u00fctzen, Wege zu suchen und zu gehen, die vorher nicht denkbar waren.<\/p><p>Indem wir die Schwierigkeiten, die uns bei der Arbeit t\u00e4glich begegnen, in den Fokus stellen, gestalten wir gemeinsam die Zukunft neu.<\/p><p>lch bin \u00fcberzeugt, dass Ver\u00e4nderung m\u00f6glich ist, wenn wir die Blickrichtung \u00e4ndern, nachdem wir unsere Grundannahmen kennengelernt haben.<\/p><p>lch schaffe zusammen mit lhnen Impulse zur Eigenreflexion und unterst\u00fctze Sie dabei, neue Gedankeng\u00e4nge in Handlungsalternativen umzusetzen.<\/p>\t\t\t\t\t\t\t\t<\/div>\n\t\t\t\t<\/div>\n\t\t\t\t<div class=\"elementor-element elementor-element-79236ed elementor-align-left elementor-mobile-align-left elementor-widget elementor-widget-button\" data-id=\"79236ed\" data-element_type=\"widget\" data-e-type=\"widget\" data-widget_type=\"button.default\">\n\t\t\t\t<div class=\"elementor-widget-container\">\n\t\t\t\t\t\t\t\t\t<div class=\"elementor-button-wrapper\">\n\t\t\t\t\t<a class=\"elementor-button elementor-button-link elementor-size-md\" href=\"https:\/\/www.helenschulz.de\/?page_id=95\">\n\t\t\t\t\t\t<span class=\"elementor-button-content-wrapper\">\n\t\t\t\t\t\t<span class=\"elementor-button-icon\">\n\t\t\t\t<i aria-hidden=\"true\" class=\"fas fa-angle-double-right\"><\/i>\t\t\t<\/span>\n\t\t\t\t\t\t\t\t\t<span class=\"elementor-button-text\">Lernen Sie mich kennen<\/span>\n\t\t\t\t\t<\/span>\n\t\t\t\t\t<\/a>\n\t\t\t\t<\/div>\n\t\t\t\t\t\t\t\t<\/div>\n\t\t\t\t<\/div>\n\t\t\t\t\t<\/div>\n\t\t<\/div>\n\t\t\t\t<div class=\"elementor-column elementor-col-50 elementor-top-column elementor-element elementor-element-51add0a\" data-id=\"51add0a\" data-element_type=\"column\" data-e-type=\"column\">\n\t\t\t<div class=\"elementor-widget-wrap elementor-element-populated\">\n\t\t\t\t\t\t<div class=\"elementor-element elementor-element-4b936a4 elementor-widget elementor-widget-image\" data-id=\"4b936a4\" data-element_type=\"widget\" data-e-type=\"widget\" data-widget_type=\"image.default\">\n\t\t\t\t<div class=\"elementor-widget-container\">\n\t\t\t\t\t\t\t\t\t\t\t\t<figure class=\"wp-caption\">\n\t\t\t\t\t\t\t\t\t\t<img decoding=\"async\" width=\"1661\" height=\"934\" src=\"https:\/\/www.helenschulz.de\/wp-content\/uploads\/2022\/04\/Helen-Schnoor_45.jpg\" class=\"attachment-full size-full wp-image-663\" alt=\"\" srcset=\"https:\/\/www.helenschulz.de\/wp-content\/uploads\/2022\/04\/Helen-Schnoor_45.jpg 1661w, https:\/\/www.helenschulz.de\/wp-content\/uploads\/2022\/04\/Helen-Schnoor_45-300x169.jpg 300w, https:\/\/www.helenschulz.de\/wp-content\/uploads\/2022\/04\/Helen-Schnoor_45-1024x576.jpg 1024w, https:\/\/www.helenschulz.de\/wp-content\/uploads\/2022\/04\/Helen-Schnoor_45-768x432.jpg 768w, https:\/\/www.helenschulz.de\/wp-content\/uploads\/2022\/04\/Helen-Schnoor_45-1536x864.jpg 1536w, https:\/\/www.helenschulz.de\/wp-content\/uploads\/2022\/04\/Helen-Schnoor_45-800x450.jpg 800w\" sizes=\"(max-width: 1661px) 100vw, 1661px\" \/>\t\t\t\t\t\t\t\t\t\t\t<figcaption class=\"widget-image-caption wp-caption-text\">Helen Schulz<\/figcaption>\n\t\t\t\t\t\t\t\t\t\t<\/figure>\n\t\t\t\t\t\t\t\t\t<\/div>\n\t\t\t\t<\/div>\n\t\t\t\t\t<\/div>\n\t\t<\/div>\n\t\t\t\t\t<\/div>\n\t\t<\/section>\n\t\t\t\t<section class=\"elementor-section elementor-top-section elementor-element elementor-element-7af2447 elementor-hidden-mobile elementor-section-boxed elementor-section-height-default elementor-section-height-default wpr-particle-no wpr-jarallax-no wpr-parallax-no wpr-sticky-section-no wpr-equal-height-no\" data-id=\"7af2447\" data-element_type=\"section\" data-e-type=\"section\">\n\t\t\t\t\t\t<div class=\"elementor-container elementor-column-gap-default\">\n\t\t\t\t\t<div class=\"elementor-column elementor-col-100 elementor-top-column elementor-element elementor-element-0bb88c3\" data-id=\"0bb88c3\" data-element_type=\"column\" data-e-type=\"column\">\n\t\t\t<div class=\"elementor-widget-wrap elementor-element-populated\">\n\t\t\t\t\t\t<div class=\"elementor-element elementor-element-2e368b6 elementor-widget elementor-widget-image\" data-id=\"2e368b6\" data-element_type=\"widget\" data-e-type=\"widget\" data-widget_type=\"image.default\">\n\t\t\t\t<div class=\"elementor-widget-container\">\n\t\t\t\t\t\t\t\t\t\t\t\t\t\t\t<img decoding=\"async\" width=\"1024\" height=\"93\" src=\"https:\/\/www.helenschulz.de\/wp-content\/uploads\/2022\/04\/s-linie-helen-schulz-2-1024x93.png\" class=\"attachment-large size-large wp-image-498\" alt=\"\" srcset=\"https:\/\/www.helenschulz.de\/wp-content\/uploads\/2022\/04\/s-linie-helen-schulz-2-1024x93.png 1024w, https:\/\/www.helenschulz.de\/wp-content\/uploads\/2022\/04\/s-linie-helen-schulz-2-300x27.png 300w, https:\/\/www.helenschulz.de\/wp-content\/uploads\/2022\/04\/s-linie-helen-schulz-2-768x70.png 768w, https:\/\/www.helenschulz.de\/wp-content\/uploads\/2022\/04\/s-linie-helen-schulz-2.png 1101w\" sizes=\"(max-width: 1024px) 100vw, 1024px\" \/>\t\t\t\t\t\t\t\t\t\t\t\t\t\t\t<\/div>\n\t\t\t\t<\/div>\n\t\t\t\t\t<\/div>\n\t\t<\/div>\n\t\t\t\t\t<\/div>\n\t\t<\/section>\n\t\t\t\t<section class=\"elementor-section elementor-top-section elementor-element elementor-element-bebdebe elementor-section-content-middle elementor-section-boxed elementor-section-height-default elementor-section-height-default wpr-particle-no wpr-jarallax-no wpr-parallax-no wpr-sticky-section-no wpr-equal-height-no\" data-id=\"bebdebe\" data-element_type=\"section\" data-e-type=\"section\">\n\t\t\t\t\t\t<div class=\"elementor-container elementor-column-gap-default\">\n\t\t\t\t\t<div class=\"elementor-column elementor-col-100 elementor-top-column elementor-element elementor-element-959deaa\" data-id=\"959deaa\" data-element_type=\"column\" data-e-type=\"column\">\n\t\t\t<div class=\"elementor-widget-wrap elementor-element-populated\">\n\t\t\t\t\t\t<div class=\"elementor-element elementor-element-e6ad48a elementor-widget elementor-widget-heading\" data-id=\"e6ad48a\" data-element_type=\"widget\" data-e-type=\"widget\" data-widget_type=\"heading.default\">\n\t\t\t\t<div class=\"elementor-widget-container\">\n\t\t\t\t\t<h2 class=\"elementor-heading-title elementor-size-default\">Erfahrungen &amp; Meilensteine\u200b<\/h2>\t\t\t\t<\/div>\n\t\t\t\t<\/div>\n\t\t\t\t<div class=\"elementor-element elementor-element-bee6cbf elementor-widget elementor-widget-text-editor\" data-id=\"bee6cbf\" data-element_type=\"widget\" data-e-type=\"widget\" data-widget_type=\"text-editor.default\">\n\t\t\t\t<div class=\"elementor-widget-container\">\n\t\t\t\t\t\t\t\t\t<ul><li>Supervisorin (10.2018\u201406.2021) DGSv Kooperation Plus Hamburg (Zertifikatsstudium)<\/li><li>B.A. Religionswissenschaft sowie Erziehungs- und Bildungswissenschaft, Universit\u00e4t Bremen BA-Arbeit: \u201eKultursensibel pflegen\u201c Eine qualitative Inhaltsanalyse einer Pflegefachzeitschrift (2019)<\/li><li>Pflegedienstleiterin, (FLP) DAA Delmenhorst, Abschlussarbeit \u201eImplementierung eines QS-Systems in Pflegeeinrichtungen\u201c (2005)<\/li><li>Pflegefachkraft, Examen an der Marienschule in Meppen; ex. Altenpflegerin\/ambulant\/station\u00e4r\/MDK-Gutachten (2001)<\/li><li>Fachkraft im Gesundheitswesen (1986)<\/li><li>Zahnmedizinische Fachkraft (1983)<\/li><\/ul>\t\t\t\t\t\t\t\t<\/div>\n\t\t\t\t<\/div>\n\t\t\t\t<div class=\"elementor-element elementor-element-f4de6ef elementor-widget elementor-widget-heading\" data-id=\"f4de6ef\" data-element_type=\"widget\" data-e-type=\"widget\" data-widget_type=\"heading.default\">\n\t\t\t\t<div class=\"elementor-widget-container\">\n\t\t\t\t\t<h3 class=\"elementor-heading-title elementor-size-default\">Berufserfahrung<\/h3>\t\t\t\t<\/div>\n\t\t\t\t<\/div>\n\t\t\t\t<div class=\"elementor-element elementor-element-99fc544 elementor-widget elementor-widget-text-editor\" data-id=\"99fc544\" data-element_type=\"widget\" data-e-type=\"widget\" data-widget_type=\"text-editor.default\">\n\t\t\t\t<div class=\"elementor-widget-container\">\n\t\t\t\t\t\t\t\t\t<ul><li>Einzelcoaching als digitale Beratung (Skype, Zoom)<\/li><li>Leitungserfahrung, sowohl im Pflegedienst als auch in der hauptverantwortlichen Position mehrerer Pflegeeinrichtungen<\/li><li>Beratende T\u00e4tigkeit f\u00fcr Mitarbeiter, Angeh\u00f6rige, \u00c4rzte sowie die am Pflegeprozess beteiligten Personen<\/li><li>Gutachterin f\u00fcr den MDK zur Einstufung in die Pflegestufe.<\/li><li>T\u00e4tigkeiten in der ambulanten sowie station\u00e4ren Pflege<\/li><li>Studiumspraktikum am Pflegewissenschaftlichen Institut der Universit\u00e4t Bremen. Mitarbeit an einer digitalen Lehrvermittlung (CARO, Care Reflection). Der Schwerpunkt dieser Einheit lag in der Vermittlung interkultureller Pflege.<\/li><li>Projektleitung an einer Bremer Krankenpflegeschule der freigem. Krankenh\u00e4user e.V., in der mehrere Unterrichtseinheiten zur kultursensiblen Pflege in Kooperation durchgef\u00fchrt wurden.<\/li><\/ul>\t\t\t\t\t\t\t\t<\/div>\n\t\t\t\t<\/div>\n\t\t\t\t\t<\/div>\n\t\t<\/div>\n\t\t\t\t\t<\/div>\n\t\t<\/section>\n\t\t\t\t<section class=\"elementor-section elementor-top-section elementor-element elementor-element-246bbc2e elementor-section-boxed elementor-section-height-default elementor-section-height-default wpr-particle-no wpr-jarallax-no wpr-parallax-no wpr-sticky-section-no wpr-equal-height-no\" data-id=\"246bbc2e\" data-element_type=\"section\" data-e-type=\"section\">\n\t\t\t\t\t\t<div class=\"elementor-container elementor-column-gap-default\">\n\t\t\t\t\t<div class=\"elementor-column elementor-col-100 elementor-top-column elementor-element elementor-element-178fa670\" data-id=\"178fa670\" data-element_type=\"column\" data-e-type=\"column\">\n\t\t\t<div class=\"elementor-widget-wrap elementor-element-populated\">\n\t\t\t\t\t\t<div class=\"elementor-element elementor-element-5c63f7f5 elementor-widget-divider--view-line elementor-widget elementor-widget-divider\" data-id=\"5c63f7f5\" data-element_type=\"widget\" data-e-type=\"widget\" data-widget_type=\"divider.default\">\n\t\t\t\t<div class=\"elementor-widget-container\">\n\t\t\t\t\t\t\t<div class=\"elementor-divider\">\n\t\t\t<span class=\"elementor-divider-separator\">\n\t\t\t\t\t\t<\/span>\n\t\t<\/div>\n\t\t\t\t\t\t<\/div>\n\t\t\t\t<\/div>\n\t\t\t\t\t<\/div>\n\t\t<\/div>\n\t\t\t\t\t<\/div>\n\t\t<\/section>\n\t\t\t\t<section class=\"elementor-section elementor-top-section elementor-element elementor-element-b6bf4c7 elementor-section-boxed elementor-section-height-default elementor-section-height-default wpr-particle-no wpr-jarallax-no wpr-parallax-no wpr-sticky-section-no wpr-equal-height-no\" data-id=\"b6bf4c7\" data-element_type=\"section\" data-e-type=\"section\">\n\t\t\t\t\t\t<div class=\"elementor-container elementor-column-gap-default\">\n\t\t\t\t\t<div class=\"elementor-column elementor-col-50 elementor-top-column elementor-element elementor-element-5112766b\" data-id=\"5112766b\" data-element_type=\"column\" data-e-type=\"column\">\n\t\t\t<div class=\"elementor-widget-wrap elementor-element-populated\">\n\t\t\t\t\t\t<div class=\"elementor-element elementor-element-5b021b4f elementor-widget elementor-widget-text-editor\" data-id=\"5b021b4f\" data-element_type=\"widget\" data-e-type=\"widget\" data-widget_type=\"text-editor.default\">\n\t\t\t\t<div class=\"elementor-widget-container\">\n\t\t\t\t\t\t\t\t\t<p>\u00a9 2022 Helen Schulz \u2022 Website-Design: <a href=\"https:\/\/www.stefaniejahn.de\">Stefanie Jahn<\/a> \u2022 <a href=\"https:\/\/www.helenschulz.de\/?page_id=106\">Impressum<\/a> \u2022 <a href=\"https:\/\/www.helenschulz.de\/?page_id=205\">Datenschutz<\/a> \u2022 <a href=\"https:\/\/www.helenschulz.de\/?page_id=95\">Kontakt<\/a><\/p>\t\t\t\t\t\t\t\t<\/div>\n\t\t\t\t<\/div>\n\t\t\t\t\t<\/div>\n\t\t<\/div>\n\t\t\t\t<div class=\"elementor-column elementor-col-50 elementor-top-column elementor-element elementor-element-3661420\" data-id=\"3661420\" data-element_type=\"column\" data-e-type=\"column\">\n\t\t\t<div class=\"elementor-widget-wrap elementor-element-populated\">\n\t\t\t\t\t\t<div class=\"elementor-element elementor-element-5b6522f9 elementor-shape-circle e-grid-align-right e-grid-align-tablet-right e-grid-align-mobile-center elementor-grid-mobile-0 elementor-grid-0 elementor-widget elementor-widget-social-icons\" data-id=\"5b6522f9\" data-element_type=\"widget\" data-e-type=\"widget\" data-widget_type=\"social-icons.default\">\n\t\t\t\t<div class=\"elementor-widget-container\">\n\t\t\t\t\t\t\t<div class=\"elementor-social-icons-wrapper elementor-grid\" role=\"list\">\n\t\t\t\t\t\t\t<span class=\"elementor-grid-item\" role=\"listitem\">\n\t\t\t\t\t<a class=\"elementor-icon elementor-social-icon elementor-social-icon-envelope elementor-repeater-item-aq66v58\" href=\"mailto:mail@helenschulz.de\" target=\"_blank\">\n\t\t\t\t\t\t<span class=\"elementor-screen-only\">Envelope<\/span>\n\t\t\t\t\t\t<i aria-hidden=\"true\" class=\"fas fa-envelope\"><\/i>\t\t\t\t\t<\/a>\n\t\t\t\t<\/span>\n\t\t\t\t\t\t\t<span class=\"elementor-grid-item\" role=\"listitem\">\n\t\t\t\t\t<a class=\"elementor-icon elementor-social-icon elementor-social-icon-whatsapp elementor-repeater-item-0892ce3\" href=\"http:\/\/+49%20176%204149%209957\" target=\"_blank\">\n\t\t\t\t\t\t<span class=\"elementor-screen-only\">Whatsapp<\/span>\n\t\t\t\t\t\t<i aria-hidden=\"true\" class=\"fab fa-whatsapp\"><\/i>\t\t\t\t\t<\/a>\n\t\t\t\t<\/span>\n\t\t\t\t\t<\/div>\n\t\t\t\t\t\t<\/div>\n\t\t\t\t<\/div>\n\t\t\t\t\t<\/div>\n\t\t<\/div>\n\t\t\t\t\t<\/div>\n\t\t<\/section>\n\t\t\t\t<\/div>\n\t\t","protected":false},"excerpt":{"rendered":"<p>Startseite Supervision \/ Coaching \u00dcber mich Kontakt Startseite Supervision \/ Coaching \u00dcber mich Kontakt Weshalb ich Supervisorin geworden bin: lch bin Supervisorin aus Leidenschaft. Meine Vision ist es, Menschen mit meinem Angebot zu unterst\u00fctzen, Wege zu suchen und zu gehen, die vorher nicht denkbar waren. Indem wir die Schwierigkeiten, die uns bei der Arbeit t\u00e4glich begegnen, in den Fokus stellen, gestalten wir gemeinsam die Zukunft neu. lch bin \u00fcberzeugt, dass Ver\u00e4nderung m\u00f6glich ist, wenn wir die Blickrichtung \u00e4ndern, nachdem wir unsere Grundannahmen kennengelernt haben. lch schaffe zusammen mit lhnen Impulse zur Eigenreflexion und unterst\u00fctze Sie dabei, neue Gedankeng\u00e4nge in Handlungsalternativen umzusetzen. Lernen Sie mich kennen Helen Schulz Erfahrungen &#038; Meilensteine\u200b Supervisorin (10.2018\u201406.2021) DGSv Kooperation Plus Hamburg (Zertifikatsstudium) B.A. Religionswissenschaft sowie Erziehungs- und Bildungswissenschaft, Universit\u00e4t Bremen BA-Arbeit: \u201eKultursensibel pflegen\u201c Eine qualitative Inhaltsanalyse einer Pflegefachzeitschrift (2019) Pflegedienstleiterin, (FLP) DAA Delmenhorst, Abschlussarbeit \u201eImplementierung eines QS-Systems in Pflegeeinrichtungen\u201c (2005) Pflegefachkraft, Examen an der Marienschule in Meppen; ex. Altenpflegerin\/ambulant\/station\u00e4r\/MDK-Gutachten (2001) Fachkraft im Gesundheitswesen (1986) Zahnmedizinische Fachkraft (1983) Berufserfahrung Einzelcoaching als digitale Beratung (Skype, Zoom) Leitungserfahrung, sowohl im Pflegedienst als auch in der hauptverantwortlichen Position mehrerer Pflegeeinrichtungen Beratende T\u00e4tigkeit f\u00fcr Mitarbeiter, Angeh\u00f6rige, \u00c4rzte sowie die am Pflegeprozess beteiligten Personen Gutachterin f\u00fcr den MDK zur Einstufung in die Pflegestufe. T\u00e4tigkeiten in der ambulanten sowie station\u00e4ren Pflege Studiumspraktikum am Pflegewissenschaftlichen Institut der Universit\u00e4t Bremen. Mitarbeit an einer digitalen Lehrvermittlung (CARO, Care Reflection). Der Schwerpunkt dieser Einheit lag in der Vermittlung interkultureller Pflege. Projektleitung an einer Bremer Krankenpflegeschule der freigem. Krankenh\u00e4user e.V., in der mehrere Unterrichtseinheiten zur kultursensiblen Pflege in Kooperation durchgef\u00fchrt wurden. \u00a9 2022 Helen Schulz \u2022 Website-Design: Stefanie Jahn \u2022 Impressum \u2022 Datenschutz \u2022 Kontakt Envelope Whatsapp<\/p>\n","protected":false},"author":1,"featured_media":0,"parent":0,"menu_order":0,"comment_status":"closed","ping_status":"closed","template":"elementor_canvas","meta":{"footnotes":""},"class_list":["post-89","page","type-page","status-publish","hentry","entry"],"aioseo_notices":[],"_links":{"self":[{"href":"https:\/\/www.helenschulz.de\/index.php?rest_route=\/wp\/v2\/pages\/89","targetHints":{"allow":["GET"]}}],"collection":[{"href":"https:\/\/www.helenschulz.de\/index.php?rest_route=\/wp\/v2\/pages"}],"about":[{"href":"https:\/\/www.helenschulz.de\/index.php?rest_route=\/wp\/v2\/types\/page"}],"author":[{"embeddable":true,"href":"https:\/\/www.helenschulz.de\/index.php?rest_route=\/wp\/v2\/users\/1"}],"replies":[{"embeddable":true,"href":"https:\/\/www.helenschulz.de\/index.php?rest_route=%2Fwp%2Fv2%2Fcomments&post=89"}],"version-history":[{"count":98,"href":"https:\/\/www.helenschulz.de\/index.php?rest_route=\/wp\/v2\/pages\/89\/revisions"}],"predecessor-version":[{"id":949,"href":"https:\/\/www.helenschulz.de\/index.php?rest_route=\/wp\/v2\/pages\/89\/revisions\/949"}],"wp:attachment":[{"href":"https:\/\/www.helenschulz.de\/index.php?rest_route=%2Fwp%2Fv2%2Fmedia&parent=89"}],"curies":[{"name":"wp","href":"https:\/\/api.w.org\/{rel}","templated":true}]}}